{"id":19,"date":"2024-06-19T09:29:32","date_gmt":"2024-06-19T07:29:32","guid":{"rendered":"https:\/\/limprevu.org\/?page_id=19"},"modified":"2024-09-05T17:11:41","modified_gmt":"2024-09-05T15:11:41","slug":"soins-reiki","status":"publish","type":"page","link":"https:\/\/limprevu.org\/index.php\/soins-reiki\/","title":{"rendered":"Soins reiki"},"content":{"rendered":"\n<p>Les soins reiki ont pour objectif d\u2019harmoniser nos \u00e9nergies.<\/p>\n\n\n\n<p>Le pratiquant, soit Nad\u00e8ge soit Mica, devient canal \u00e9nerg\u00e9tique et tente de fluidifier les \u00e9nergies du corps et de l\u2019aura de la personne ou de l\u2019animal soign\u00e9.<\/p>\n\n\n\n<p>Le soin est pratiqu\u00e9 suite \u00e0 un entretien t\u00e9l\u00e9phonique ou en face \u00e0 face, pour comprendre les probl\u00e9matique de la personne ou l\u2019animal soign\u00e9. Ces probl\u00e9matiques sont personnelles \u00e0 chacun, des sympt\u00f4mes peuvent \u00eatre clairement identifi\u00e9s ou non.<\/p>\n\n\n\n<p>Les s\u00e9ances se d\u00e9roulent dans la b\u00e2tisse, o\u00f9 se situe le g\u00eete.<\/p>\n\n\n\n<p>Elles peuvent durer d&rsquo;une demi-heure \u00e0 une heure et demi. Apr\u00e8s le soin, il faudra pr\u00e9voir deux heures pour prendre un temps calme, de repos, pour soi.<\/p>\n\n\n\n<p>Le prix est libre, selon vos moyens.<\/p>\n\n\n\n<p>Pour les p\u00e8lerins, la s\u00e9ance peut se pr\u00e9voir le jour m\u00eame, selon nos disponibilit\u00e9s.<\/p>\n\n\n\n<p>Nous ne divulgons pas encore de photos de s\u00e9ance de Re\u00efki ni m\u00eame du lieu o\u00f9 nous pratiquerons, car l&rsquo;am\u00e9nagement n&rsquo;est pas finalis\u00e9. Il le sera pour sa premi\u00e8re saison courant 2025.<\/p>\n\n\n\n<p>Pour toute information, nous contacter.<\/p>\n","protected":false},"excerpt":{"rendered":"<p>Les soins reiki ont pour objectif d\u2019harmoniser nos \u00e9nergies. Le pratiquant, soit Nad\u00e8ge soit Mica, devient canal \u00e9nerg\u00e9tique et tente de fluidifier les \u00e9nergies du corps et de l\u2019aura de la personne ou de l\u2019animal soign\u00e9. Le soin est pratiqu\u00e9 suite \u00e0 un entretien t\u00e9l\u00e9phonique ou en face \u00e0 face, pour comprendre les probl\u00e9matique de [&hellip;]<\/p>\n","protected":false},"author":1,"featured_media":0,"parent":0,"menu_order":0,"comment_status":"closed","ping_status":"closed","template":"","meta":{"footnotes":""},"class_list":["post-19","page","type-page","status-publish","hentry","entry"],"aioseo_notices":[],"_links":{"self":[{"href":"https:\/\/limprevu.org\/index.php\/wp-json\/wp\/v2\/pages\/19","targetHints":{"allow":["GET"]}}],"collection":[{"href":"https:\/\/limprevu.org\/index.php\/wp-json\/wp\/v2\/pages"}],"about":[{"href":"https:\/\/limprevu.org\/index.php\/wp-json\/wp\/v2\/types\/page"}],"author":[{"embeddable":true,"href":"https:\/\/limprevu.org\/index.php\/wp-json\/wp\/v2\/users\/1"}],"replies":[{"embeddable":true,"href":"https:\/\/limprevu.org\/index.php\/wp-json\/wp\/v2\/comments?post=19"}],"version-history":[{"count":4,"href":"https:\/\/limprevu.org\/index.php\/wp-json\/wp\/v2\/pages\/19\/revisions"}],"predecessor-version":[{"id":156,"href":"https:\/\/limprevu.org\/index.php\/wp-json\/wp\/v2\/pages\/19\/revisions\/156"}],"wp:attachment":[{"href":"https:\/\/limprevu.org\/index.php\/wp-json\/wp\/v2\/media?parent=19"}],"curies":[{"name":"wp","href":"https:\/\/api.w.org\/{rel}","templated":true}]}}