{"id":17,"date":"2024-06-19T09:27:56","date_gmt":"2024-06-19T07:27:56","guid":{"rendered":"https:\/\/limprevu.org\/?page_id=17"},"modified":"2025-12-12T15:27:35","modified_gmt":"2025-12-12T14:27:35","slug":"le-gite","status":"publish","type":"page","link":"https:\/\/limprevu.org\/","title":{"rendered":"Un \u00e9colo-g\u00eete sur le chemin de Compostelle"},"content":{"rendered":"<div class=\"wp-block-image\">\n<figure class=\"aligncenter size-full\"><img loading=\"lazy\" decoding=\"async\" width=\"358\" height=\"345\" src=\"http:\/\/limprevu.org\/wp-content\/uploads\/2024\/06\/LIMPREVU-couleurs.gif\" alt=\"logo Gite l'impr\u00e9vu en Margeride\" class=\"wp-image-28\"\/><\/figure>\n<\/div>\n\n\n<h1 class=\"wp-block-heading\"><\/h1>\n\n\n\n<p>Sur le chemin de St-Jacques de Compostelle (GR 65), nous proposons un h\u00e9bergement en chambres de 2 ou 4 personnes, dans une b\u00e2tisse au c\u0153ur du village de St-Alban-sur-Limagnole, proche de l&rsquo;\u00e9glise, des commerces et des services.<\/p>\n\n\n\n<blockquote class=\"wp-block-quote is-layout-flow wp-block-quote-is-layout-flow\">\n<p>La capacit\u00e9 d&rsquo;accueil est de 14 personnes.<\/p>\n\n\n\n<p>Nous vous pr\u00e9parons de bons repas faits maison, avec des ingr\u00e9dients provenant en grande partie de l\u2019agriculture biologique et\/ou locale.<\/p>\n\n\n\n<p>En compl\u00e9ment de l&rsquo;accueil des p\u00e8lerins, nous serons heureux d&rsquo;accueillir des touristes, des groupes, toute personne ou groupe souhaitant prendre part \u00e0 une ou plusieurs s\u00e9ances de m\u00e9diation par l&rsquo;animal. Les accompagnants sont \u00e9galement les bienvenus.<\/p>\n\n\n\n<p>Nous acceptons les cyclistes : garage \u00e0 v\u00e9lo \u00e0 disposition.<\/p>\n\n\n\n<p>Nous accueillons \u00e9galement les personnes voyageant avec un chien ou un chat, dress\u00e9 et propre, qui dormira \u00e0 c\u00f4t\u00e9 du lit de son ma\u00eetre.<\/p>\n<\/blockquote>\n\n\n\n<blockquote class=\"wp-block-quote is-layout-flow wp-block-quote-is-layout-flow\">\n<p>Nous consulterons toute autre demande d&rsquo;h\u00e9bergement ou de restauration avec soin, nous sommes ouverts \u00e0 la rencontre et \u00e0 la diversit\u00e9.<\/p>\n\n\n\n<figure class=\"wp-block-image size-large\"><img loading=\"lazy\" decoding=\"async\" width=\"1024\" height=\"683\" src=\"http:\/\/limprevu.org\/wp-content\/uploads\/2024\/06\/IMG_8849-1024x683.jpg\" alt=\"vue du gite l'impr\u00e9vu en Margeride  \u00e0 St Alban sur Limagnole\" class=\"wp-image-31\" srcset=\"https:\/\/limprevu.org\/wp-content\/uploads\/2024\/06\/IMG_8849-1024x683.jpg 1024w, https:\/\/limprevu.org\/wp-content\/uploads\/2024\/06\/IMG_8849-300x200.jpg 300w, https:\/\/limprevu.org\/wp-content\/uploads\/2024\/06\/IMG_8849-768x512.jpg 768w, https:\/\/limprevu.org\/wp-content\/uploads\/2024\/06\/IMG_8849-1536x1024.jpg 1536w, https:\/\/limprevu.org\/wp-content\/uploads\/2024\/06\/IMG_8849-2048x1365.jpg 2048w, https:\/\/limprevu.org\/wp-content\/uploads\/2024\/06\/IMG_8849-1568x1045.jpg 1568w\" sizes=\"auto, (max-width: 1024px) 100vw, 1024px\" \/><\/figure>\n<\/blockquote>\n\n\n\n<blockquote class=\"wp-block-quote is-layout-flow wp-block-quote-is-layout-flow\">\n<h2 class=\"wp-block-heading\">Tarifs g\u00eete et services<\/h2>\n\n\n\n<p>Nuit\u00e9e&nbsp;: 20 \u20ac<\/p>\n\n\n\n<p>Demi-pension\u00a0: 42 \u20ac<\/p>\n\n\n\n<p>D\u00eener\u00a0: 16 \u20ac<\/p>\n\n\n\n<p>Petit-d\u00e9jeuner\u00a0: 7 \u20ac<\/p>\n\n\n\n<p>Lessive&nbsp;: 4 \u20ac<\/p>\n\n\n\n<p>Prestation lit pr\u00e9par\u00e9 avec drap de dessus : 4 \u20ac<\/p>\n\n\n\n<p>Panier pique-nique&nbsp;: 7 \u20ac<\/p>\n<\/blockquote>\n\n\n\n<p>Nous fonctionnons en prix libre et conscient, c&rsquo;est-\u00e0-dire que ces tarifs sont des r\u00e9f\u00e9rences de ce qui nous permet de vivre de cette activit\u00e9. Vous pouvez r\u00e9gler un peu plus, ou un peu moins, selon vos moyens.\u00a0<\/p>\n\n\n\n<h2 class=\"wp-block-heading\">Horaires<\/h2>\n\n\n\n<p>Nous vous accueillons tous les jours d\u00e8s 15h30.<\/p>\n\n\n","protected":false},"excerpt":{"rendered":"<p>Sur le chemin de St-Jacques de Compostelle (GR 65), nous proposons un h\u00e9bergement en chambres de 2 ou 4 personnes, dans une b\u00e2tisse au c\u0153ur du village de St-Alban-sur-Limagnole, proche de l&rsquo;\u00e9glise, des commerces et des services. La capacit\u00e9 d&rsquo;accueil est de 14 personnes. Nous vous pr\u00e9parons de bons repas faits maison, avec des ingr\u00e9dients [&hellip;]<\/p>\n","protected":false},"author":1,"featured_media":53,"parent":0,"menu_order":0,"comment_status":"closed","ping_status":"closed","template":"","meta":{"footnotes":""},"class_list":["post-17","page","type-page","status-publish","has-post-thumbnail","hentry","entry","has-media"],"aioseo_notices":[],"_links":{"self":[{"href":"https:\/\/limprevu.org\/index.php\/wp-json\/wp\/v2\/pages\/17","targetHints":{"allow":["GET"]}}],"collection":[{"href":"https:\/\/limprevu.org\/index.php\/wp-json\/wp\/v2\/pages"}],"about":[{"href":"https:\/\/limprevu.org\/index.php\/wp-json\/wp\/v2\/types\/page"}],"author":[{"embeddable":true,"href":"https:\/\/limprevu.org\/index.php\/wp-json\/wp\/v2\/users\/1"}],"replies":[{"embeddable":true,"href":"https:\/\/limprevu.org\/index.php\/wp-json\/wp\/v2\/comments?post=17"}],"version-history":[{"count":30,"href":"https:\/\/limprevu.org\/index.php\/wp-json\/wp\/v2\/pages\/17\/revisions"}],"predecessor-version":[{"id":221,"href":"https:\/\/limprevu.org\/index.php\/wp-json\/wp\/v2\/pages\/17\/revisions\/221"}],"wp:featuredmedia":[{"embeddable":true,"href":"https:\/\/limprevu.org\/index.php\/wp-json\/wp\/v2\/media\/53"}],"wp:attachment":[{"href":"https:\/\/limprevu.org\/index.php\/wp-json\/wp\/v2\/media?parent=17"}],"curies":[{"name":"wp","href":"https:\/\/api.w.org\/{rel}","templated":true}]}}